{"id":8294,"date":"2023-08-01T12:47:59","date_gmt":"2023-08-01T09:47:59","guid":{"rendered":"https:\/\/www.partnergrouppayment.com\/?page_id=8294"},"modified":"2023-08-01T12:56:46","modified_gmt":"2023-08-01T09:56:46","slug":"cancellation-and-refund-conditions","status":"publish","type":"page","link":"https:\/\/www.partnergrouppayment.com\/tr\/cancellation-and-refund-conditions\/","title":{"rendered":"\u0130ptal ve \u0130ade Ko\u015fullar\u0131"},"content":{"rendered":"<div data-elementor-type=\"wp-page\" data-elementor-id=\"8294\" class=\"elementor elementor-8294\">\n\t\t\t\t\t\t<section class=\"elementor-section elementor-top-section elementor-element elementor-element-727ce4e9 elementor-section-boxed elementor-section-height-default elementor-section-height-default\" data-id=\"727ce4e9\" data-element_type=\"section\">\n\t\t\t\t\t\t<div class=\"elementor-container elementor-column-gap-default\">\n\t\t\t\t\t<div class=\"elementor-column elementor-col-100 elementor-top-column elementor-element elementor-element-33b6df9a\" data-id=\"33b6df9a\" data-element_type=\"column\">\n\t\t\t<div class=\"elementor-widget-wrap elementor-element-populated\">\n\t\t\t\t\t\t<div class=\"elementor-element elementor-element-58e6116f elementor-widget elementor-widget-text-editor\" data-id=\"58e6116f\" data-element_type=\"widget\" data-widget_type=\"text-editor.default\">\n\t\t\t\t<div class=\"elementor-widget-container\">\n\t\t\t<style>\/*! elementor - v3.23.0 - 05-08-2024 *\/\n.elementor-widget-text-editor.elementor-drop-cap-view-stacked .elementor-drop-cap{background-color:#69727d;color:#fff}.elementor-widget-text-editor.elementor-drop-cap-view-framed .elementor-drop-cap{color:#69727d;border:3px solid;background-color:transparent}.elementor-widget-text-editor:not(.elementor-drop-cap-view-default) .elementor-drop-cap{margin-top:8px}.elementor-widget-text-editor:not(.elementor-drop-cap-view-default) .elementor-drop-cap-letter{width:1em;height:1em}.elementor-widget-text-editor .elementor-drop-cap{float:left;text-align:center;line-height:1;font-size:50px}.elementor-widget-text-editor .elementor-drop-cap-letter{display:inline-block}<\/style>\t\t\t\t<p><!-- wp:paragraph --><\/p>\n<p>Organization-based cancellation and refund conditions vary.<\/p>\n<p>Please refer to the relevant package contents of the organization you will purchase.<\/p>\n<p>\u00a0<\/p>\n<h3>TAOMS23<\/h3>\n<h5><span class=\"color_15\">M\u00dcCB\u0130R SEBEP<\/span><\/h5>\n<p><span class=\"color_15\">TAOMS 30th International Congress Organizing Committee, in case of force majeure (war, strike, lockout, uprising or all kinds of internal disturbances and natural disasters such as earthquake, flood, drought, etc.) reserves the right to partially or completely change and\/or cancel other elements. Neither party shall have the right to claim any compensation for damages that may arise as a result of the change or cancellation made due to force majeure.<\/span><\/p>\n<h5><br \/>\u0130PTAL \u015eARTLARI<\/h5>\n<p>For cancellations made until 1 October 2023, the registration fee will be refunded against a 50% penalty.<br \/>For cancellations made after 1 October 2023, the price paid is non-refundable.<br \/>All refunds will be made after the end of the congress.<\/p>\n<p>\u00a0<\/p>\n<p><!-- \/wp:paragraph --><\/p>\t\t\t\t\t\t<\/div>\n\t\t\t\t<\/div>\n\t\t\t\t\t<\/div>\n\t\t<\/div>\n\t\t\t\t\t<\/div>\n\t\t<\/section>\n\t\t\t\t<\/div>","protected":false},"excerpt":{"rendered":"<p>Organization-based cancellation and refund conditions vary. Please refer to the relevant package contents of the organization you will purchase. \u00a0 TAOMS23 FORCE MAJEURE TAOMS 30th International Congress Organizing Committee, in case of force majeure (war, strike, lockout, uprising or all kinds of internal disturbances and natural disasters such as earthquake, flood, drought, etc.) reserves the [&hellip;]<\/p>","protected":false},"author":1,"featured_media":0,"parent":0,"menu_order":0,"comment_status":"closed","ping_status":"closed","template":"","meta":{"footnotes":""},"class_list":["post-8294","page","type-page","status-publish","hentry"],"_links":{"self":[{"href":"https:\/\/www.partnergrouppayment.com\/tr\/wp-json\/wp\/v2\/pages\/8294","targetHints":{"allow":["GET"]}}],"collection":[{"href":"https:\/\/www.partnergrouppayment.com\/tr\/wp-json\/wp\/v2\/pages"}],"about":[{"href":"https:\/\/www.partnergrouppayment.com\/tr\/wp-json\/wp\/v2\/types\/page"}],"author":[{"embeddable":true,"href":"https:\/\/www.partnergrouppayment.com\/tr\/wp-json\/wp\/v2\/users\/1"}],"replies":[{"embeddable":true,"href":"https:\/\/www.partnergrouppayment.com\/tr\/wp-json\/wp\/v2\/comments?post=8294"}],"version-history":[{"count":4,"href":"https:\/\/www.partnergrouppayment.com\/tr\/wp-json\/wp\/v2\/pages\/8294\/revisions"}],"predecessor-version":[{"id":8298,"href":"https:\/\/www.partnergrouppayment.com\/tr\/wp-json\/wp\/v2\/pages\/8294\/revisions\/8298"}],"wp:attachment":[{"href":"https:\/\/www.partnergrouppayment.com\/tr\/wp-json\/wp\/v2\/media?parent=8294"}],"curies":[{"name":"wp","href":"https:\/\/api.w.org\/{rel}","templated":true}]}}